{"id":344,"date":"2015-04-23T15:38:15","date_gmt":"2015-04-23T13:38:15","guid":{"rendered":"http:\/\/hydrolider.com\/produkty-2\/"},"modified":"2018-11-09T09:24:36","modified_gmt":"2018-11-09T08:24:36","slug":"products","status":"publish","type":"page","link":"https:\/\/hydrolider.com\/en\/products\/","title":{"rendered":"Products"},"content":{"rendered":"<p>[et_pb_section bb_built=&#8221;1&#8243; fullwidth=&#8221;on&#8221; _builder_version=&#8221;3.17.6&#8243; background_image=&#8221;https:\/\/hydrolider.com\/wp-content\/uploads\/2018\/10\/hydrolider-2-2.jpg&#8221; next_background_color=&#8221;#ffffff&#8221;][et_pb_fullwidth_header title=&#8221;PRODUKTY&#8221; _builder_version=&#8221;3.17.6&#8243; title_font_size=&#8221;33px&#8221; background_color=&#8221;rgba(255,255,255,0)&#8221; parallax=&#8221;on&#8221; button_one_letter_spacing_hover=&#8221;0&#8243; button_two_letter_spacing_hover=&#8221;0&#8243; background_url=&#8221;https:\/\/hydrolider.com\/wp-content\/uploads\/2015\/04\/silniki-hydrauliczne-1.jpg&#8221; button_one_text_size__hover_enabled=&#8221;off&#8221; button_two_text_size__hover_enabled=&#8221;off&#8221; button_one_text_color__hover_enabled=&#8221;off&#8221; button_two_text_color__hover_enabled=&#8221;off&#8221; button_one_border_width__hover_enabled=&#8221;off&#8221; button_two_border_width__hover_enabled=&#8221;off&#8221; button_one_border_color__hover_enabled=&#8221;off&#8221; button_two_border_color__hover_enabled=&#8221;off&#8221; button_one_border_radius__hover_enabled=&#8221;off&#8221; button_two_border_radius__hover_enabled=&#8221;off&#8221; button_one_letter_spacing__hover_enabled=&#8221;on&#8221; button_one_letter_spacing__hover=&#8221;0&#8243; button_two_letter_spacing__hover_enabled=&#8221;on&#8221; button_two_letter_spacing__hover=&#8221;0&#8243; button_one_bg_color__hover_enabled=&#8221;off&#8221; button_two_bg_color__hover_enabled=&#8221;off&#8221;]<\/p>\n<p>Sprawd\u017a nasz\u0105 ofert\u0119<\/p>\n<p>[\/et_pb_fullwidth_header][\/et_pb_section][et_pb_section bb_built=&#8221;1&#8243; admin_label=&#8221;section&#8221; _builder_version=&#8221;3.0.47&#8243; prev_background_color=&#8221;#000000&#8243;][et_pb_row admin_label=&#8221;row&#8221; _builder_version=&#8221;3.0.48&#8243; background_size=&#8221;initial&#8221; background_position=&#8221;top_left&#8221; background_repeat=&#8221;repeat&#8221;][et_pb_column type=&#8221;4_4&#8243;][et_pb_portfolio fullwidth=&#8221;off&#8221; include_categories=&#8221;3&#8243; show_categories=&#8221;off&#8221; show_pagination=&#8221;off&#8221; _builder_version=&#8221;3.0.87&#8243; title_font_size=&#8221;19&#8243; background_size=&#8221;initial&#8221; background_position=&#8221;top_left&#8221; background_repeat=&#8221;repeat&#8221; use_border_color=&#8221;off&#8221; border_color=&#8221;#ffffff&#8221; border_style=&#8221;solid&#8221;]<\/p>\n<p><\/p>\n<p>[\/et_pb_portfolio][et_pb_text _builder_version=&#8221;3.17.6&#8243; background_size=&#8221;initial&#8221; background_position=&#8221;top_left&#8221; background_repeat=&#8221;repeat&#8221; use_border_color=&#8221;off&#8221; border_color=&#8221;#ffffff&#8221; border_style=&#8221;solid&#8221; \/][\/et_pb_column][\/et_pb_row][\/et_pb_section]<\/p>\n","protected":false},"excerpt":{"rendered":"<p>[et_pb_section bb_built=&#8221;1&#8243; fullwidth=&#8221;on&#8221; _builder_version=&#8221;3.17.6&#8243; background_image=&#8221;https:\/\/hydrolider.com\/wp-content\/uploads\/2018\/10\/hydrolider-2-2.jpg&#8221; next_background_color=&#8221;#ffffff&#8221;][et_pb_fullwidth_header title=&#8221;PRODUKTY&#8221; _builder_version=&#8221;3.17.6&#8243; title_font_size=&#8221;33px&#8221; background_color=&#8221;rgba(255,255,255,0)&#8221; parallax=&#8221;on&#8221; button_one_letter_spacing_hover=&#8221;0&#8243; button_two_letter_spacing_hover=&#8221;0&#8243; background_url=&#8221;https:\/\/hydrolider.com\/wp-content\/uploads\/2015\/04\/silniki-hydrauliczne-1.jpg&#8221; button_one_text_size__hover_enabled=&#8221;off&#8221; button_two_text_size__hover_enabled=&#8221;off&#8221; button_one_text_color__hover_enabled=&#8221;off&#8221; button_two_text_color__hover_enabled=&#8221;off&#8221; button_one_border_width__hover_enabled=&#8221;off&#8221; button_two_border_width__hover_enabled=&#8221;off&#8221; button_one_border_color__hover_enabled=&#8221;off&#8221; button_two_border_color__hover_enabled=&#8221;off&#8221; button_one_border_radius__hover_enabled=&#8221;off&#8221; button_two_border_radius__hover_enabled=&#8221;off&#8221; button_one_letter_spacing__hover_enabled=&#8221;on&#8221; button_one_letter_spacing__hover=&#8221;0&#8243; button_two_letter_spacing__hover_enabled=&#8221;on&#8221; button_two_letter_spacing__hover=&#8221;0&#8243; button_one_bg_color__hover_enabled=&#8221;off&#8221; button_two_bg_color__hover_enabled=&#8221;off&#8221;] Sprawd\u017a nasz\u0105 ofert\u0119 [\/et_pb_fullwidth_header][\/et_pb_section][et_pb_section bb_built=&#8221;1&#8243; admin_label=&#8221;section&#8221; _builder_version=&#8221;3.0.47&#8243; prev_background_color=&#8221;#000000&#8243;][et_pb_row admin_label=&#8221;row&#8221; _builder_version=&#8221;3.0.48&#8243; background_size=&#8221;initial&#8221; background_position=&#8221;top_left&#8221; background_repeat=&#8221;repeat&#8221;][et_pb_column type=&#8221;4_4&#8243;][et_pb_portfolio fullwidth=&#8221;off&#8221; include_categories=&#8221;3&#8243; show_categories=&#8221;off&#8221; show_pagination=&#8221;off&#8221; _builder_version=&#8221;3.0.87&#8243; title_font_size=&#8221;19&#8243; background_size=&#8221;initial&#8221; background_position=&#8221;top_left&#8221; background_repeat=&#8221;repeat&#8221; use_border_color=&#8221;off&#8221; border_color=&#8221;#ffffff&#8221; [&hellip;]<\/p>\n","protected":false},"author":5,"featured_media":0,"parent":0,"menu_order":0,"comment_status":"closed","ping_status":"open","template":"","meta":{"_et_pb_use_builder":"on","_et_pb_old_content":""},"yoast_head":"<!-- This site is optimized with the Yoast SEO plugin v18.3 - https:\/\/yoast.com\/wordpress\/plugins\/seo\/ -->\n<title>Products - Hydrolider<\/title>\n<meta name=\"robots\" content=\"index, follow, max-snippet:-1, max-image-preview:large, max-video-preview:-1\" \/>\n<link rel=\"canonical\" href=\"https:\/\/hydrolider.com\/en\/products\/\" \/>\n<meta property=\"og:locale\" content=\"en_US\" \/>\n<meta property=\"og:type\" content=\"article\" \/>\n<meta property=\"og:title\" content=\"Products - Hydrolider\" \/>\n<meta property=\"og:description\" content=\"[et_pb_section bb_built=&#8221;1&#8243; fullwidth=&#8221;on&#8221; _builder_version=&#8221;3.17.6&#8243; background_image=&#8221;https:\/\/hydrolider.com\/wp-content\/uploads\/2018\/10\/hydrolider-2-2.jpg&#8221; next_background_color=&#8221;#ffffff&#8221;][et_pb_fullwidth_header title=&#8221;PRODUKTY&#8221; _builder_version=&#8221;3.17.6&#8243; title_font_size=&#8221;33px&#8221; background_color=&#8221;rgba(255,255,255,0)&#8221; parallax=&#8221;on&#8221; button_one_letter_spacing_hover=&#8221;0&#8243; button_two_letter_spacing_hover=&#8221;0&#8243; background_url=&#8221;https:\/\/hydrolider.com\/wp-content\/uploads\/2015\/04\/silniki-hydrauliczne-1.jpg&#8221; button_one_text_size__hover_enabled=&#8221;off&#8221; button_two_text_size__hover_enabled=&#8221;off&#8221; button_one_text_color__hover_enabled=&#8221;off&#8221; button_two_text_color__hover_enabled=&#8221;off&#8221; button_one_border_width__hover_enabled=&#8221;off&#8221; button_two_border_width__hover_enabled=&#8221;off&#8221; button_one_border_color__hover_enabled=&#8221;off&#8221; button_two_border_color__hover_enabled=&#8221;off&#8221; button_one_border_radius__hover_enabled=&#8221;off&#8221; button_two_border_radius__hover_enabled=&#8221;off&#8221; button_one_letter_spacing__hover_enabled=&#8221;on&#8221; button_one_letter_spacing__hover=&#8221;0&#8243; button_two_letter_spacing__hover_enabled=&#8221;on&#8221; button_two_letter_spacing__hover=&#8221;0&#8243; button_one_bg_color__hover_enabled=&#8221;off&#8221; button_two_bg_color__hover_enabled=&#8221;off&#8221;] Sprawd\u017a nasz\u0105 ofert\u0119 [\/et_pb_fullwidth_header][\/et_pb_section][et_pb_section bb_built=&#8221;1&#8243; admin_label=&#8221;section&#8221; _builder_version=&#8221;3.0.47&#8243; prev_background_color=&#8221;#000000&#8243;][et_pb_row admin_label=&#8221;row&#8221; _builder_version=&#8221;3.0.48&#8243; background_size=&#8221;initial&#8221; background_position=&#8221;top_left&#8221; background_repeat=&#8221;repeat&#8221;][et_pb_column type=&#8221;4_4&#8243;][et_pb_portfolio fullwidth=&#8221;off&#8221; include_categories=&#8221;3&#8243; show_categories=&#8221;off&#8221; show_pagination=&#8221;off&#8221; _builder_version=&#8221;3.0.87&#8243; title_font_size=&#8221;19&#8243; background_size=&#8221;initial&#8221; background_position=&#8221;top_left&#8221; background_repeat=&#8221;repeat&#8221; use_border_color=&#8221;off&#8221; border_color=&#8221;#ffffff&#8221; [&hellip;]\" \/>\n<meta property=\"og:url\" content=\"https:\/\/hydrolider.com\/en\/products\/\" \/>\n<meta property=\"og:site_name\" content=\"Hydraulics - Hydrolider\" \/>\n<meta property=\"article:modified_time\" content=\"2018-11-09T08:24:36+00:00\" \/>\n<meta name=\"twitter:card\" content=\"summary\" \/>\n<meta name=\"twitter:label1\" content=\"Est. reading time\" \/>\n\t<meta name=\"twitter:data1\" content=\"1 minute\" \/>\n<script type=\"application\/ld+json\" class=\"yoast-schema-graph\">{\"@context\":\"https:\/\/schema.org\",\"@graph\":[{\"@type\":\"WebSite\",\"@id\":\"https:\/\/hydrolider.com\/#website\",\"url\":\"https:\/\/hydrolider.com\/\",\"name\":\"Hydraulika si\u0142owa- Hydrolider\",\"description\":\"Hydraulics\",\"potentialAction\":[{\"@type\":\"SearchAction\",\"target\":{\"@type\":\"EntryPoint\",\"urlTemplate\":\"https:\/\/hydrolider.com\/?s={search_term_string}\"},\"query-input\":\"required name=search_term_string\"}],\"inLanguage\":\"en-US\"},{\"@type\":\"WebPage\",\"@id\":\"https:\/\/hydrolider.com\/en\/products\/#webpage\",\"url\":\"https:\/\/hydrolider.com\/en\/products\/\",\"name\":\"Products - Hydrolider\",\"isPartOf\":{\"@id\":\"https:\/\/hydrolider.com\/#website\"},\"datePublished\":\"2015-04-23T13:38:15+00:00\",\"dateModified\":\"2018-11-09T08:24:36+00:00\",\"breadcrumb\":{\"@id\":\"https:\/\/hydrolider.com\/en\/products\/#breadcrumb\"},\"inLanguage\":\"en-US\",\"potentialAction\":[{\"@type\":\"ReadAction\",\"target\":[\"https:\/\/hydrolider.com\/en\/products\/\"]}]},{\"@type\":\"BreadcrumbList\",\"@id\":\"https:\/\/hydrolider.com\/en\/products\/#breadcrumb\",\"itemListElement\":[{\"@type\":\"ListItem\",\"position\":1,\"name\":\"Strona g\u0142\u00f3wna\",\"item\":\"https:\/\/hydrolider.com\/en\/\"},{\"@type\":\"ListItem\",\"position\":2,\"name\":\"Products\"}]}]}<\/script>\n<!-- \/ Yoast SEO plugin. -->","yoast_head_json":{"title":"Products - Hydrolider","robots":{"index":"index","follow":"follow","max-snippet":"max-snippet:-1","max-image-preview":"max-image-preview:large","max-video-preview":"max-video-preview:-1"},"canonical":"https:\/\/hydrolider.com\/en\/products\/","og_locale":"en_US","og_type":"article","og_title":"Products - Hydrolider","og_description":"[et_pb_section bb_built=&#8221;1&#8243; fullwidth=&#8221;on&#8221; _builder_version=&#8221;3.17.6&#8243; background_image=&#8221;https:\/\/hydrolider.com\/wp-content\/uploads\/2018\/10\/hydrolider-2-2.jpg&#8221; next_background_color=&#8221;#ffffff&#8221;][et_pb_fullwidth_header title=&#8221;PRODUKTY&#8221; _builder_version=&#8221;3.17.6&#8243; title_font_size=&#8221;33px&#8221; background_color=&#8221;rgba(255,255,255,0)&#8221; parallax=&#8221;on&#8221; button_one_letter_spacing_hover=&#8221;0&#8243; button_two_letter_spacing_hover=&#8221;0&#8243; background_url=&#8221;https:\/\/hydrolider.com\/wp-content\/uploads\/2015\/04\/silniki-hydrauliczne-1.jpg&#8221; button_one_text_size__hover_enabled=&#8221;off&#8221; button_two_text_size__hover_enabled=&#8221;off&#8221; button_one_text_color__hover_enabled=&#8221;off&#8221; button_two_text_color__hover_enabled=&#8221;off&#8221; button_one_border_width__hover_enabled=&#8221;off&#8221; button_two_border_width__hover_enabled=&#8221;off&#8221; button_one_border_color__hover_enabled=&#8221;off&#8221; button_two_border_color__hover_enabled=&#8221;off&#8221; button_one_border_radius__hover_enabled=&#8221;off&#8221; button_two_border_radius__hover_enabled=&#8221;off&#8221; button_one_letter_spacing__hover_enabled=&#8221;on&#8221; button_one_letter_spacing__hover=&#8221;0&#8243; button_two_letter_spacing__hover_enabled=&#8221;on&#8221; button_two_letter_spacing__hover=&#8221;0&#8243; button_one_bg_color__hover_enabled=&#8221;off&#8221; button_two_bg_color__hover_enabled=&#8221;off&#8221;] Sprawd\u017a nasz\u0105 ofert\u0119 [\/et_pb_fullwidth_header][\/et_pb_section][et_pb_section bb_built=&#8221;1&#8243; admin_label=&#8221;section&#8221; _builder_version=&#8221;3.0.47&#8243; prev_background_color=&#8221;#000000&#8243;][et_pb_row admin_label=&#8221;row&#8221; _builder_version=&#8221;3.0.48&#8243; background_size=&#8221;initial&#8221; background_position=&#8221;top_left&#8221; background_repeat=&#8221;repeat&#8221;][et_pb_column type=&#8221;4_4&#8243;][et_pb_portfolio fullwidth=&#8221;off&#8221; include_categories=&#8221;3&#8243; show_categories=&#8221;off&#8221; show_pagination=&#8221;off&#8221; _builder_version=&#8221;3.0.87&#8243; title_font_size=&#8221;19&#8243; background_size=&#8221;initial&#8221; background_position=&#8221;top_left&#8221; background_repeat=&#8221;repeat&#8221; use_border_color=&#8221;off&#8221; border_color=&#8221;#ffffff&#8221; [&hellip;]","og_url":"https:\/\/hydrolider.com\/en\/products\/","og_site_name":"Hydraulics - Hydrolider","article_modified_time":"2018-11-09T08:24:36+00:00","twitter_card":"summary","twitter_misc":{"Est. reading time":"1 minute"},"schema":{"@context":"https:\/\/schema.org","@graph":[{"@type":"WebSite","@id":"https:\/\/hydrolider.com\/#website","url":"https:\/\/hydrolider.com\/","name":"Hydraulika si\u0142owa- Hydrolider","description":"Hydraulics","potentialAction":[{"@type":"SearchAction","target":{"@type":"EntryPoint","urlTemplate":"https:\/\/hydrolider.com\/?s={search_term_string}"},"query-input":"required name=search_term_string"}],"inLanguage":"en-US"},{"@type":"WebPage","@id":"https:\/\/hydrolider.com\/en\/products\/#webpage","url":"https:\/\/hydrolider.com\/en\/products\/","name":"Products - Hydrolider","isPartOf":{"@id":"https:\/\/hydrolider.com\/#website"},"datePublished":"2015-04-23T13:38:15+00:00","dateModified":"2018-11-09T08:24:36+00:00","breadcrumb":{"@id":"https:\/\/hydrolider.com\/en\/products\/#breadcrumb"},"inLanguage":"en-US","potentialAction":[{"@type":"ReadAction","target":["https:\/\/hydrolider.com\/en\/products\/"]}]},{"@type":"BreadcrumbList","@id":"https:\/\/hydrolider.com\/en\/products\/#breadcrumb","itemListElement":[{"@type":"ListItem","position":1,"name":"Strona g\u0142\u00f3wna","item":"https:\/\/hydrolider.com\/en\/"},{"@type":"ListItem","position":2,"name":"Products"}]}]}},"_links":{"self":[{"href":"https:\/\/hydrolider.com\/en\/wp-json\/wp\/v2\/pages\/344\/"}],"collection":[{"href":"https:\/\/hydrolider.com\/en\/wp-json\/wp\/v2\/pages\/"}],"about":[{"href":"https:\/\/hydrolider.com\/en\/wp-json\/wp\/v2\/types\/page\/"}],"author":[{"embeddable":true,"href":"https:\/\/hydrolider.com\/en\/wp-json\/wp\/v2\/users\/5\/"}],"replies":[{"embeddable":true,"href":"https:\/\/hydrolider.com\/en\/wp-json\/wp\/v2\/comments\/?post=344"}],"version-history":[{"count":17,"href":"https:\/\/hydrolider.com\/en\/wp-json\/wp\/v2\/pages\/344\/revisions\/"}],"predecessor-version":[{"id":2531,"href":"https:\/\/hydrolider.com\/en\/wp-json\/wp\/v2\/pages\/344\/revisions\/2531\/"}],"wp:attachment":[{"href":"https:\/\/hydrolider.com\/en\/wp-json\/wp\/v2\/media\/?parent=344"}],"curies":[{"name":"wp","href":"https:\/\/api.w.org\/{rel}","templated":true}]}}